{"id":210,"date":"2023-10-09T13:38:12","date_gmt":"2023-10-09T11:38:12","guid":{"rendered":"https:\/\/www.ehrler-patent.de\/?page_id=210"},"modified":"2024-02-02T16:26:09","modified_gmt":"2024-02-02T15:26:09","slug":"mandatsbedingungen","status":"publish","type":"page","link":"https:\/\/www.ehrler-patent.de\/en\/mandatsbedingungen\/","title":{"rendered":"Terms and Conditions"},"content":{"rendered":"<h1 class=\"wp-block-heading\">General Terms and Conditions<\/h1>\n\n\n\n<p><\/p>\n\n\n\n<h2 class=\"wp-block-heading\">1. Scope of Applicability<\/h2>\n\n\n\n<p>(1) Die Mandatsbedingungen gelten f\u00fcr alle Leistungen der Kanzlei Ehrler Patent von Dr. Jonathan Ehrler. Die Mandatsbedingungen gelten f\u00fcr alle gegenw\u00e4rtigen und zuk\u00fcnftigen Vertr\u00e4ge zwischen Ehrler Patent und ihren Mandanten, die eine rechtliche Beratung und\/oder Vertretung zum Gegenstand haben (Mandat), soweit nicht etwas anderes ausdr\u00fccklich schriftlich vereinbart oder gesetzlich zwingend vorgeschrieben ist.<\/p>\n\n\n\n<h2 class=\"wp-block-heading\">2. Subject of the Mandate<\/h2>\n\n\n\n<p>(1) The subject of the mandate is the agreed service.<br>(2) Die Kanzlei Ehrler Patent ist berechtigt, zur Aus\u00adf\u00fchrung des Mandats sachkundige Mitarbeiter und fach\u00adkun\u00addige Dritte heran\u00adzu\u00adziehen, soweit diese auf die berufsst\u00e4ndische Ver\u00adschwie\u00adgenheit oder vertraglich zur Verschwiegenheit verpflichtet wurden.<br>(3) Die Kanzlei Ehrler Patent ist berechtigt, im Rahmen der Ausf\u00fchrung des Mandats mit dem Mandanten und Dritten mittels E-Mail zu kommunizieren. Soweit nicht anderes schriftlich vereinbart ist, kann die Kommunikation unverschl\u00fcsselt erfolgen.<\/p>\n\n\n\n<p><\/p>\n\n\n\n<h2 class=\"wp-block-heading\">3. Renumeration<\/h2>\n\n\n\n<p>(1) Die Verg\u00fctung bestimmt sich nach den getroffenen Vereinbarungen. Sind keine Vereinbarungen getroffen, so bestimmt sich die Verg\u00fctung nach der Geb\u00fchrenordnung der Kanzlei Ehrler Patent.<br>(2) Die Kanzlei Ehrler Patent ist berechtigt, einen angemessenen Vorschuss f\u00fcr eine sich voraussichtlich ergebende Verg\u00fctung in Rechnung zu stellen.<br>(3) The Remuneration is due immediately upon receipt of an invoice by the Client; interest will become due after 30 days.<\/p>\n\n\n\n<p><\/p>\n\n\n\n<h2 class=\"wp-block-heading\">4. Liability and Limitation of Liability<\/h2>\n\n\n\n<p>(1) Die Haftung von der Patentanw\u00e4lte von Ehrler Patent ist im Falle einfacher Fahrl\u00e4ssigkeit auf 1.000.000 (1 Million) Euro f\u00fcr jedes einzelne Mandat unabh\u00e4ngig von der Anzahl etwaiger Anspruchsteller begrenzt. Die Haftungsbeschr\u00e4nkung gilt nicht bei schuld\u00adhaft verursachten Sch\u00e4den aus der Verletzung des Lebens, des K\u00f6rpers oder der Gesundheit einer Person. Die Haftungs\u00adbeschr\u00e4nkung erfasst jedoch s\u00e4mtliche Sch\u00e4den wegen fehlerhafter Berufsaus\u00fcbung ohne R\u00fccksicht darauf, ob Sch\u00e4den in einem oder mehreren Jahren entstanden sind.<br>(2) Jeder Patentanwalt von Ehrler Patent hat eine Berufshaftpflichtversicherung, welche je Versicherungsfall 1.000.000 Euro abdeckt. <br>(3) Ein Schadensersatzanspruch gegen Ehrler Patent kann nur innerhalb einer Ausschlussfrist von einem Jahr geltend gemacht werden, nachdem der Mandant von dem Schaden und dem anspruchsbegr\u00fcndenden Ereignis Kenntnis erlangt hat, sp\u00e4testens aber innerhalb von f\u00fcnf Jahren nach dem anspruchsbegr\u00fcndenden Ereignis, es sei denn, die Fristvers\u00e4umnis ist unverschuldet.<\/p>\n\n\n\n<p><\/p>\n\n\n\n<h2 class=\"wp-block-heading\">5. Miscellaneous<\/h2>\n\n\n\n<p>(1) If a provision of these General Terms and Conditions is or becomes invalid or unenforceable, this will have no effect on the validity and enforceability of the remaining provisions. The invalid or unenforceable provision will be replaced by a valid and enforceable provision which comes closest to the intended purpose of the original provision.<\/p>","protected":false},"excerpt":{"rendered":"<p>Allgemeine Mandatsbedingungen 1. Geltungsbereich (1) Die Mandatsbedingungen gelten f\u00fcr alle Leistungen der Kanzlei Ehrler Patent von Dr. Jonathan Ehrler. Die Mandatsbedingungen gelten f\u00fcr alle gegenw\u00e4rtigen und zuk\u00fcnftigen Vertr\u00e4ge zwischen Ehrler Patent und ihren Mandanten, die eine rechtliche Beratung und\/oder Vertretung zum Gegenstand haben (Mandat), soweit nicht etwas anderes ausdr\u00fccklich schriftlich vereinbart oder gesetzlich zwingend vorgeschrieben [&hellip;]<\/p>\n","protected":false},"author":1,"featured_media":0,"parent":0,"menu_order":0,"comment_status":"closed","ping_status":"closed","template":"","meta":{"footnotes":""},"class_list":["post-210","page","type-page","status-publish","hentry"],"jetpack_sharing_enabled":true,"_links":{"self":[{"href":"https:\/\/www.ehrler-patent.de\/en\/wp-json\/wp\/v2\/pages\/210","targetHints":{"allow":["GET"]}}],"collection":[{"href":"https:\/\/www.ehrler-patent.de\/en\/wp-json\/wp\/v2\/pages"}],"about":[{"href":"https:\/\/www.ehrler-patent.de\/en\/wp-json\/wp\/v2\/types\/page"}],"author":[{"embeddable":true,"href":"https:\/\/www.ehrler-patent.de\/en\/wp-json\/wp\/v2\/users\/1"}],"replies":[{"embeddable":true,"href":"https:\/\/www.ehrler-patent.de\/en\/wp-json\/wp\/v2\/comments?post=210"}],"version-history":[{"count":10,"href":"https:\/\/www.ehrler-patent.de\/en\/wp-json\/wp\/v2\/pages\/210\/revisions"}],"predecessor-version":[{"id":352,"href":"https:\/\/www.ehrler-patent.de\/en\/wp-json\/wp\/v2\/pages\/210\/revisions\/352"}],"wp:attachment":[{"href":"https:\/\/www.ehrler-patent.de\/en\/wp-json\/wp\/v2\/media?parent=210"}],"curies":[{"name":"wp","href":"https:\/\/api.w.org\/{rel}","templated":true}]}}