{"id":80,"date":"2023-10-03T11:59:52","date_gmt":"2023-10-03T09:59:52","guid":{"rendered":"https:\/\/www.ehrler-patent.de\/?page_id=80"},"modified":"2024-07-05T14:03:34","modified_gmt":"2024-07-05T12:03:34","slug":"impressum","status":"publish","type":"page","link":"https:\/\/www.ehrler-patent.de\/en\/impressum\/","title":{"rendered":"Impressum"},"content":{"rendered":"<p>Ehrler Patent<br>Dr. Jonathan Ehrler<br>German Patent Attorney, European Patent Attorney, European Trademark and Design Attorney<\/p>\n\n\n\n<p>Address:<br>Adlergasse 6<br>01067 Dresden<\/p>\n\n\n\n<p>VAT No.: DE 343 884 971<\/p>\n\n\n\n<p>Compentent chamber is the <a href=\"https:\/\/www.patentanwalt.de\/en\/\" data-type=\"link\" data-id=\"https:\/\/www.patentanwalt.de\/de\/\" target=\"_blank\" rel=\"noopener\">Deutsche Patentanwaltskammer<\/a> A\u00f6R Tal 280331 M\u00fcnchen<\/p>\n\n\n\n<p>Jeder Patentanwalt bei Ehrler Patent hat eine Berufshaftpflichtversicherung gem\u00e4\u00df \u00a7 45 PAO bei der ERGO Versicherung AG, ERGO-Platz 1, 40477 D\u00fcsseldorf mit einer Versicherungssumme von 1 Mio. Euro je Versicherungsfall. Versicherungsschutz besteht f\u00fcr die weltweite T\u00e4tigkeit im Zusammenhang mit der Beratung und Besch\u00e4ftigung mit europ\u00e4ischem Recht.<\/p>","protected":false},"excerpt":{"rendered":"<p>Ehrler PatentDr. Jonathan EhrlerPatentanwalt, European Patent Attorney, European Trademark and Design Attorney Anschrift:Adlergasse 601067 Dresden Ust-IdNr.: DE 343 884 971 Zust\u00e4ndige Kammer ist die Deutsche Patentanwaltskammer A\u00f6R Tal 280331 M\u00fcnchen Jeder Patentanwalt bei Ehrler Patent hat eine Berufshaftpflichtversicherung gem\u00e4\u00df \u00a7 45 PAO bei der ERGO Versicherung AG, ERGO-Platz 1, 40477 D\u00fcsseldorf mit einer Versicherungssumme von [&hellip;]<\/p>\n","protected":false},"author":1,"featured_media":0,"parent":0,"menu_order":0,"comment_status":"closed","ping_status":"closed","template":"","meta":{"footnotes":""},"class_list":["post-80","page","type-page","status-publish","hentry"],"jetpack_sharing_enabled":true,"_links":{"self":[{"href":"https:\/\/www.ehrler-patent.de\/en\/wp-json\/wp\/v2\/pages\/80","targetHints":{"allow":["GET"]}}],"collection":[{"href":"https:\/\/www.ehrler-patent.de\/en\/wp-json\/wp\/v2\/pages"}],"about":[{"href":"https:\/\/www.ehrler-patent.de\/en\/wp-json\/wp\/v2\/types\/page"}],"author":[{"embeddable":true,"href":"https:\/\/www.ehrler-patent.de\/en\/wp-json\/wp\/v2\/users\/1"}],"replies":[{"embeddable":true,"href":"https:\/\/www.ehrler-patent.de\/en\/wp-json\/wp\/v2\/comments?post=80"}],"version-history":[{"count":4,"href":"https:\/\/www.ehrler-patent.de\/en\/wp-json\/wp\/v2\/pages\/80\/revisions"}],"predecessor-version":[{"id":400,"href":"https:\/\/www.ehrler-patent.de\/en\/wp-json\/wp\/v2\/pages\/80\/revisions\/400"}],"wp:attachment":[{"href":"https:\/\/www.ehrler-patent.de\/en\/wp-json\/wp\/v2\/media?parent=80"}],"curies":[{"name":"wp","href":"https:\/\/api.w.org\/{rel}","templated":true}]}}